{"id":329,"date":"2019-12-24T11:11:50","date_gmt":"2019-12-24T10:11:50","guid":{"rendered":"http:\/\/www.taxadvice.ch\/publications-et-presentations\/"},"modified":"2024-11-19T15:45:31","modified_gmt":"2024-11-19T14:45:31","slug":"publications-and-presentations","status":"publish","type":"page","link":"https:\/\/www.taxadvice.ch\/en\/publications-and-presentations\/","title":{"rendered":"Publications and presentations"},"content":{"rendered":"<p>[et_pb_section fb_built=&#8221;1&#8243; _builder_version=&#8221;4.16&#8243; global_colors_info=&#8221;{}&#8221;][et_pb_row _builder_version=&#8221;4.16&#8243; background_size=&#8221;initial&#8221; background_position=&#8221;top_left&#8221; background_repeat=&#8221;repeat&#8221; global_colors_info=&#8221;{}&#8221;][et_pb_column type=&#8221;4_4&#8243; _builder_version=&#8221;4.16&#8243; custom_padding=&#8221;|||&#8221; global_colors_info=&#8221;{}&#8221; custom_padding__hover=&#8221;|||&#8221;][equipe-publications admin_label=&#8221;TaxAdvice &#8211; Publications&#8221; _builder_version=&#8221;4.27.3&#8243; hover_enabled=&#8221;0&#8243; z_index_tablet=&#8221;500&#8243; box_shadow_horizontal_tablet=&#8221;0px&#8221; box_shadow_vertical_tablet=&#8221;0px&#8221; box_shadow_blur_tablet=&#8221;40px&#8221; box_shadow_spread_tablet=&#8221;0px&#8221; global_colors_info=&#8221;{}&#8221; sticky_enabled=&#8221;0&#8243;][equipe-publication title=&#8221;Taxation of severance payments&#8221; textlink=&#8221;post&#8221; link=&#8221;https:\/\/www.linkedin.com\/pulse\/imposition-indemnit%25C3%25A9s-de-d%25C3%25A9part-christine-ledure-cv8be\/?trackingId=TkCfDhVmS%2B%2BeMGjpJXl2%2BQ%3D%3D&#8221; _builder_version=&#8221;4.27.3&#8243; _module_preset=&#8221;default&#8221; global_colors_info=&#8221;{}&#8221;]<\/p>\n<p>by <a href=\"\/membres\/christine-ledure\/\">Christine Ledure<\/a><br \/>LinkedIn April 2024<\/p>\n<p>[\/equipe-publication][equipe-publication title=&#8221;Repurchases under pillar 3a&#8221; textlink=&#8221;post&#8221; link=&#8221;https:\/\/www.linkedin.com\/feed\/update\/urn:li:activity:7133161826590023680\/&#8221; _builder_version=&#8221;4.27.3&#8243; _module_preset=&#8221;default&#8221; global_colors_info=&#8221;{}&#8221;]<\/p>\n<p>by <a href=\"https:\/\/www.taxadvice.ch\/en\/membres\/christine-ledure\/\">Christine Ledure<\/a><br \/>LinkedIn 2023<\/p>\n<p>[\/equipe-publication][equipe-publication title=&#8221;Our presentation : %22EU &#8211; CH relations with respect to cross &#8211; border workers%22&#8243; textlink=&#8221;presentation&#8221; link=&#8221;https:\/\/www.taxadvice.ch\/wp-content\/uploads\/UNIL-150523.pdf&#8221; _builder_version=&#8221;4.21.0&#8243; _module_preset=&#8221;default&#8221; global_colors_info=&#8221;{}&#8221;]<\/p>\n<p>By <a title=\"Christine Ledure\" href=\"https:\/\/www.taxadvice.ch\/membres\/christine-ledure\/\">Christine Ledure<\/a><br \/>May 2023<\/p>\n<p>[\/equipe-publication][equipe-publication title=&#8221;Comment se d\u00e9localiser et dire bye bye aux imp\u00f4ts&#8221; textlink=&#8221;post&#8221; link=&#8221;https:\/\/www.linkedin.com\/posts\/taxadvice-s%C3%A0rl_vous-voulez-vous-expatrier-pour-dire-bye-activity-7110299190605279232-AzdX?utm_source=share&#038;utm_medium=member_desktop&#8221; _builder_version=&#8221;4.27.3&#8243; _module_preset=&#8221;default&#8221; global_colors_info=&#8221;{}&#8221;]<\/p>\n<p>by <a href=\"\/membres\/christine-ledure\/\">Christine Ledure<\/a><br \/>LinkedIn 2023<\/p>\n<p>[\/equipe-publication][equipe-publication title=&#8221;Fiscalit\u00e9 de l&#8217;entrepreneur &#8211; Nyon Business Forum on March 11, 2022&#8243; textlink=&#8221;presentation&#8221; link=&#8221;https:\/\/www.taxadvice.ch\/wp-content\/uploads\/NBF-presentation-220311-final-2.pdf&#8221; _builder_version=&#8221;4.17.0&#8243; _module_preset=&#8221;default&#8221; global_colors_info=&#8221;{}&#8221;]<\/p>\n<div>by <a href=\"\/membres\/christine-ledure\/\">Christine Ledure<\/a><\/div>\n<div>march 2022<\/div>\n<p>[\/equipe-publication][equipe-publication title=&#8221;R\u00e9partition internationale des prestations de la pr\u00e9voyance professionnelle : mobilit\u00e9 secteur priv\u00e9 \u2013 secteur public&#8221; textlink=&#8221;article&#8221; link=&#8221;https:\/\/www.kalaidos-fh.ch\/fr-CH\/Blog\/Posts\/2020\/12\/Steuerrecht-1007-Internationale-Aufteilung-von-Leistungen-aus-der-beruflichen-Vorsorge&#8221; _builder_version=&#8221;4.5.1&#8243; _module_preset=&#8221;default&#8221; global_colors_info=&#8221;{}&#8221;]<\/p>\n<p>This article won the first prize of a blog writing contest on a tax law subject organized by the Kalaidos Fachhochschule<\/p>\n<div>by <a href=\"https:\/\/www.taxadvice.ch\/en\/membres\/christine-ledure\/\">Christine Ledure<\/a><\/div>\n<div>december 2020<\/div>\n<p>[\/equipe-publication][equipe-publication title=&#8221;Prise de position suite \u00e0 l\u2019arr\u00eat du Tribunal F\u00e9d\u00e9ral du 10 f\u00e9vrier 2017&#8243; textlink=&#8221;article&#8221; link=&#8221;\/wp-content\/uploads\/Prise_de_position_-_arret_Tribunal_Federal_10.02.20171.pdf&#8221; _builder_version=&#8221;4.22.2&#8243; hover_transition_duration_tablet=&#8221;300ms&#8221; hover_transition_duration_phone=&#8221;300ms&#8221; hover_transition_delay_tablet=&#8221;0ms&#8221; hover_transition_delay_phone=&#8221;0ms&#8221; box_shadow_horizontal_tablet=&#8221;0px&#8221; box_shadow_horizontal_phone=&#8221;0px&#8221; box_shadow_vertical_tablet=&#8221;0px&#8221; box_shadow_vertical_phone=&#8221;0px&#8221; box_shadow_blur_tablet=&#8221;40px&#8221; box_shadow_blur_phone=&#8221;40px&#8221; box_shadow_spread_tablet=&#8221;0px&#8221; box_shadow_spread_phone=&#8221;0px&#8221; global_colors_info=&#8221;{}&#8221;]<\/p>\n<p>Prise de position suite \u00e0 l\u2019arr\u00eat du Tribunal F\u00e9d\u00e9ral du 10 f\u00e9vrier 2017 (2C_628\/2016 et 2C_629\/2016), concernant la qualification \u00e0 donner \u00e0 une indemnit\u00e9 vers\u00e9e \u00e0 l\u2019employ\u00e9 en fin de rapports de travail<\/p>\n<div>by <a href=\"https:\/\/www.taxadvice.ch\/en\/membres\/christine-ledure\/\">Christine Ledure<\/a><\/div>\n<div>Revue fiscale 2017, p. 388<\/div>\n<div>\u00a0<\/div>\n<p>This position was referred to (point 9.3) in a <a href=\"https:\/\/entscheide.weblaw.ch\/print.php?link=23.06.2023_9C_682-2022&#038;sel_lang=fr\" target=\"_blank\" rel=\"noopener noreferrer\">decision<\/a> by the Swiss Federal Court in June 2023. The decision concerned the treatment of compensation paid after the contract between a footballer and a football club in the United Arab Emirates was terminated, and the footballer transferred his residence to Switzerland<\/p>\n<p>[\/equipe-publication][equipe-publication title=&#8221;The tax treatment of severance payments made in a cross-border context &#8211; A Swiss perspective&#8221; textlink=&#8221;article&#8221; link=&#8221;https:\/\/www.taxadvice.ch\/wp-content\/uploads\/The-tax-treatment-of-severance-payments-made-in-a-cross-border-context-a-Swiss-perspective-1.pdf&#8221; _builder_version=&#8221;4.17.0&#8243; _module_preset=&#8221;default&#8221; hover_enabled=&#8221;0&#8243; global_colors_info=&#8221;{}&#8221; sticky_enabled=&#8221;0&#8243;]<\/p>\n<p>The tax treament of severance payments made in a cross-border context \u2013 a Swiss perspective<\/p>\n<div>by <a href=\"https:\/\/www.taxadvice.ch\/en\/membres\/christine-ledure\/\">Christine Ledure<\/a><\/div>\n<div>European taxation &#8211; February-March 2016, p.63<\/div>\n<p>[\/equipe-publication][equipe-publication title=&#8221;Works of art : taxed or not taxed ?&#8221; textlink=&#8221;presentation&#8221; link=&#8221;\/wp-content\/uploads\/Work-of-arts.pdf&#8221; _builder_version=&#8221;4.5.1&#8243; hover_transition_duration_tablet=&#8221;300ms&#8221; hover_transition_duration_phone=&#8221;300ms&#8221; hover_transition_delay_tablet=&#8221;0ms&#8221; hover_transition_delay_phone=&#8221;0ms&#8221; box_shadow_horizontal_tablet=&#8221;0px&#8221; box_shadow_horizontal_phone=&#8221;0px&#8221; box_shadow_vertical_tablet=&#8221;0px&#8221; box_shadow_vertical_phone=&#8221;0px&#8221; box_shadow_blur_tablet=&#8221;40px&#8221; box_shadow_blur_phone=&#8221;40px&#8221; box_shadow_spread_tablet=&#8221;0px&#8221; box_shadow_spread_phone=&#8221;0px&#8221; global_colors_info=&#8221;{}&#8221;]<\/p>\n<div>by <a href=\"https:\/\/www.taxadvice.ch\/en\/membres\/christine-ledure\/\">Christine Ledure<\/a><\/div>\n<div>november 2015<\/div>\n<p>[\/equipe-publication][equipe-publication title=&#8221;The tax treatment of severance payments made in a cross-border context \u2013 A Swiss perspective&#8221; textlink=&#8221;thesis&#8221; link=&#8221;\/wp-content\/uploads\/th\u00e8se-CL.pdf&#8221; _builder_version=&#8221;4.14.7&#8243; hover_transition_duration_tablet=&#8221;300ms&#8221; hover_transition_duration_phone=&#8221;300ms&#8221; hover_transition_delay_tablet=&#8221;0ms&#8221; hover_transition_delay_phone=&#8221;0ms&#8221; box_shadow_horizontal_tablet=&#8221;0px&#8221; box_shadow_horizontal_phone=&#8221;0px&#8221; box_shadow_vertical_tablet=&#8221;0px&#8221; box_shadow_vertical_phone=&#8221;0px&#8221; box_shadow_blur_tablet=&#8221;40px&#8221; box_shadow_blur_phone=&#8221;40px&#8221; box_shadow_spread_tablet=&#8221;0px&#8221; box_shadow_spread_phone=&#8221;0px&#8221; global_colors_info=&#8221;{}&#8221;]<\/p>\n<p>The tax treament of severance payments made in a cross-border context \u2013 a Swiss perspective<\/p>\n<div>by <a href=\"https:\/\/www.taxadvice.ch\/en\/membres\/christine-ledure\/\">Christine Ledure<\/a><\/div>\n<div>march 2015<\/div>\n<p>[\/equipe-publication][equipe-publication title=&#8221;Nouvelle loi de proc\u00e9dure administrative dans le canton de Vaud&#8221; textlink=&#8221;article&#8221; link=&#8221;\/wp-content\/uploads\/2013-7-8-article-DA-nouvelle-LPA-VD-Nouvelle-loi-proc\u00e9dure-administrative.pdf&#8221; _builder_version=&#8221;4.0.9&#8243; hover_transition_duration_tablet=&#8221;300ms&#8221; hover_transition_duration_phone=&#8221;300ms&#8221; hover_transition_delay_tablet=&#8221;0ms&#8221; hover_transition_delay_phone=&#8221;0ms&#8221; box_shadow_horizontal_tablet=&#8221;0px&#8221; box_shadow_horizontal_phone=&#8221;0px&#8221; box_shadow_vertical_tablet=&#8221;0px&#8221; box_shadow_vertical_phone=&#8221;0px&#8221; box_shadow_blur_tablet=&#8221;40px&#8221; box_shadow_blur_phone=&#8221;40px&#8221; box_shadow_spread_tablet=&#8221;0px&#8221; box_shadow_spread_phone=&#8221;0px&#8221; global_colors_info=&#8221;{}&#8221;]<\/p>\n<div>by <a href=\"https:\/\/www.taxadvice.ch\/en\/our-history\/\">Danielle Axelroud Buchmann<\/a><\/div>\n<div>Revue Fiscale 2013<\/div>\n<p>[\/equipe-publication][equipe-publication title=&#8221;Selected tax issues when starting my own business&#8221; textlink=&#8221;presentation&#8221; link=&#8221;\/wp-content\/uploads\/Selected-tax-issues-Own-business.pdf&#8221; _builder_version=&#8221;4.5.1&#8243; hover_transition_duration_tablet=&#8221;300ms&#8221; hover_transition_duration_phone=&#8221;300ms&#8221; hover_transition_delay_tablet=&#8221;0ms&#8221; hover_transition_delay_phone=&#8221;0ms&#8221; box_shadow_horizontal_tablet=&#8221;0px&#8221; box_shadow_horizontal_phone=&#8221;0px&#8221; box_shadow_vertical_tablet=&#8221;0px&#8221; box_shadow_vertical_phone=&#8221;0px&#8221; box_shadow_blur_tablet=&#8221;40px&#8221; box_shadow_blur_phone=&#8221;40px&#8221; box_shadow_spread_tablet=&#8221;0px&#8221; box_shadow_spread_phone=&#8221;0px&#8221; global_colors_info=&#8221;{}&#8221;]<\/p>\n<div>by <a href=\"https:\/\/www.taxadvice.ch\/en\/membres\/christine-ledure\/\">Christine Ledure<\/a><\/div>\n<div>november 2014<\/div>\n<p>[\/equipe-publication][equipe-publication title=&#8221;Principe de la taxation d\u2019office dans le cas d\u2019un contribuable ind\u00e9pendant&#8221; textlink=&#8221;article&#8221; link=&#8221;\/wp-content\/uploads\/Principe-de-la-taxation-d-office-dans-le-cas-d-un-contribuable-ind\u00e9pendant-CC.pdf&#8221; _builder_version=&#8221;4.14.7&#8243; global_colors_info=&#8221;{}&#8221;]<\/p>\n<p>Commentaire de l\u2019arr\u00eat 2C_543\/2012<\/p>\n<p>by Christian Chill\u00e1<br \/>Revue fiscale 2013, page 276.<\/p>\n<p>[\/equipe-publication][equipe-publication title=&#8221;R\u00e9partition intercantonale et internationale pour les personnes physiques&#8221; textlink=&#8221;article&#8221; link=&#8221;\/wp-content\/uploads\/article-DA-FC-1-2012.pdf&#8221; _builder_version=&#8221;4.0.9&#8243; hover_transition_duration_tablet=&#8221;300ms&#8221; hover_transition_duration_phone=&#8221;300ms&#8221; hover_transition_delay_tablet=&#8221;0ms&#8221; hover_transition_delay_phone=&#8221;0ms&#8221; box_shadow_horizontal_tablet=&#8221;0px&#8221; box_shadow_horizontal_phone=&#8221;0px&#8221; box_shadow_vertical_tablet=&#8221;0px&#8221; box_shadow_vertical_phone=&#8221;0px&#8221; box_shadow_blur_tablet=&#8221;40px&#8221; box_shadow_blur_phone=&#8221;40px&#8221; box_shadow_spread_tablet=&#8221;0px&#8221; box_shadow_spread_phone=&#8221;0px&#8221; global_colors_info=&#8221;{}&#8221;]<\/p>\n<p>R\u00e9partition intercantonale et internationale pour les personnes physiques, th\u00e8mes choisis<\/p>\n<div>by <a href=\"https:\/\/www.taxadvice.ch\/en\/our-history\/\">Danielle Axelroud Buchmann<\/a>, Fr\u00e9d\u00e9ric de le Court<\/div>\n<div>Revue Fiscale 2012, p.\u00a018<\/div>\n<p>[\/equipe-publication][equipe-publication title=&#8221;Identit\u00e9 de propri\u00e9taire en cas de report d\u2019imposition du gain immobilier priv\u00e9&#8221; textlink=&#8221;article&#8221; link=&#8221;\/wp-content\/uploads\/article-CC-DA-5-2012.pdf&#8221; _builder_version=&#8221;4.0.9&#8243; hover_transition_duration_tablet=&#8221;300ms&#8221; hover_transition_duration_phone=&#8221;300ms&#8221; hover_transition_delay_tablet=&#8221;0ms&#8221; hover_transition_delay_phone=&#8221;0ms&#8221; box_shadow_horizontal_tablet=&#8221;0px&#8221; box_shadow_horizontal_phone=&#8221;0px&#8221; box_shadow_vertical_tablet=&#8221;0px&#8221; box_shadow_vertical_phone=&#8221;0px&#8221; box_shadow_blur_tablet=&#8221;40px&#8221; box_shadow_blur_phone=&#8221;40px&#8221; box_shadow_spread_tablet=&#8221;0px&#8221; box_shadow_spread_phone=&#8221;0px&#8221; global_colors_info=&#8221;{}&#8221;]<\/p>\n<p>Identit\u00e9 de propri\u00e9taire en cas de report d\u2019imposition du gain immobilier priv\u00e9 selon l\u2019art. 12 al.3 let.e LHID: R\u00e9flexions critiques sur l\u2019arr\u00eat du Tribunal f\u00e9d\u00e9ral 2C_277\/2011 du 17 octobre 2011<\/p>\n<div>par <a href=\"https:\/\/www.taxadvice.ch\/en\/our-history\/\">Danielle Axelroud Buchmann<\/a>, Christian Chill\u00e1<\/div>\n<div>Revue Fiscale 2012, p.\u00a0335<\/div>\n<p>[\/equipe-publication][equipe-publication title=&#8221;Frais de perfectionnement : \u00e9tat des lieux en suisse romande&#8221; textlink=&#8221;article&#8221; link=&#8221;\/wp-content\/uploads\/article-DA-FC-4-2011.pdf&#8221; _builder_version=&#8221;4.0.9&#8243; hover_transition_duration_tablet=&#8221;300ms&#8221; hover_transition_duration_phone=&#8221;300ms&#8221; hover_transition_delay_tablet=&#8221;0ms&#8221; hover_transition_delay_phone=&#8221;0ms&#8221; box_shadow_horizontal_tablet=&#8221;0px&#8221; box_shadow_horizontal_phone=&#8221;0px&#8221; box_shadow_vertical_tablet=&#8221;0px&#8221; box_shadow_vertical_phone=&#8221;0px&#8221; box_shadow_blur_tablet=&#8221;40px&#8221; box_shadow_blur_phone=&#8221;40px&#8221; box_shadow_spread_tablet=&#8221;0px&#8221; box_shadow_spread_phone=&#8221;0px&#8221; global_colors_info=&#8221;{}&#8221;]<\/p>\n<p>Frais de perfectionnement : \u00e9tat des lieux en suisse romande \u00e0 l\u2019aube d\u2019une prochaine r\u00e9forme l\u00e9gislative<\/p>\n<div>by <a href=\"https:\/\/www.taxadvice.ch\/en\/our-history\/\">Danielle Axelroud Buchmann<\/a>, Fr\u00e9d\u00e9ric de le Court<\/div>\n<div>Revue Fiscale 2011, p. 292<\/div>\n<p>[\/equipe-publication][equipe-publication title=&#8221;Questions d\u2019\u00e9valuations pour l\u2019imp\u00f4t sur la fortune des personnes physiques&#8221; textlink=&#8221;article&#8221; link=&#8221;\/wp-content\/uploads\/article-DA-FC-12-2011.pdf&#8221; _builder_version=&#8221;4.0.9&#8243; hover_transition_duration_tablet=&#8221;300ms&#8221; hover_transition_duration_phone=&#8221;300ms&#8221; hover_transition_delay_tablet=&#8221;0ms&#8221; hover_transition_delay_phone=&#8221;0ms&#8221; box_shadow_horizontal_tablet=&#8221;0px&#8221; box_shadow_horizontal_phone=&#8221;0px&#8221; box_shadow_vertical_tablet=&#8221;0px&#8221; box_shadow_vertical_phone=&#8221;0px&#8221; box_shadow_blur_tablet=&#8221;40px&#8221; box_shadow_blur_phone=&#8221;40px&#8221; box_shadow_spread_tablet=&#8221;0px&#8221; box_shadow_spread_phone=&#8221;0px&#8221; global_colors_info=&#8221;{}&#8221;]<\/p>\n<p>Questions d\u2019\u00e9valuations pour l\u2019imp\u00f4t sur la fortune des personnes physiques<\/p>\n<div>by <a href=\"https:\/\/www.taxadvice.ch\/en\/our-history\/\">Danielle Axelroud Buchmann<\/a>, Fr\u00e9d\u00e9ric de le Court<\/div>\n<div>Revue Fiscale 2011, p. 900<\/div>\n<p>[\/equipe-publication][equipe-publication title=&#8221;Frais de perfectionnement \u2013 Jurisprudence du Tribunal f\u00e9d\u00e9ral&#8221; textlink=&#8221;article&#8221; link=&#8221;\/wp-content\/uploads\/article-DA-12-2008.pdf&#8221; _builder_version=&#8221;4.0.9&#8243; hover_transition_duration_tablet=&#8221;300ms&#8221; hover_transition_duration_phone=&#8221;300ms&#8221; hover_transition_delay_tablet=&#8221;0ms&#8221; hover_transition_delay_phone=&#8221;0ms&#8221; box_shadow_horizontal_tablet=&#8221;0px&#8221; box_shadow_horizontal_phone=&#8221;0px&#8221; box_shadow_vertical_tablet=&#8221;0px&#8221; box_shadow_vertical_phone=&#8221;0px&#8221; box_shadow_blur_tablet=&#8221;40px&#8221; box_shadow_blur_phone=&#8221;40px&#8221; box_shadow_spread_tablet=&#8221;0px&#8221; box_shadow_spread_phone=&#8221;0px&#8221; global_colors_info=&#8221;{}&#8221;]<\/p>\n<p>Frais de perfectionnement \u2013 Jurisprudence du Tribunal f\u00e9d\u00e9ral et pratique du Tribunal administratif du canton de Vaud<\/p>\n<div>by <a href=\"\/qui-sommes-nous\/notre-histoire\/\">Danielle Axelroud Buchmann<\/a><\/div>\n<div>Revue Fiscale 2008, p. 853<\/div>\n<p>[\/equipe-publication][equipe-publication title=&#8221;Droits de mutation \u2013 Transfert \u00e0 titre on\u00e9reux?&#8221; textlink=&#8221;article&#8221; link=&#8221;\/wp-content\/uploads\/article_droits_de_mutation1.pdf&#8221; _builder_version=&#8221;4.0.9&#8243; hover_transition_duration_tablet=&#8221;300ms&#8221; hover_transition_duration_phone=&#8221;300ms&#8221; hover_transition_delay_tablet=&#8221;0ms&#8221; hover_transition_delay_phone=&#8221;0ms&#8221; box_shadow_horizontal_tablet=&#8221;0px&#8221; box_shadow_horizontal_phone=&#8221;0px&#8221; box_shadow_vertical_tablet=&#8221;0px&#8221; box_shadow_vertical_phone=&#8221;0px&#8221; box_shadow_blur_tablet=&#8221;40px&#8221; box_shadow_blur_phone=&#8221;40px&#8221; box_shadow_spread_tablet=&#8221;0px&#8221; box_shadow_spread_phone=&#8221;0px&#8221; global_colors_info=&#8221;{}&#8221;]<\/p>\n<div>by <a href=\"https:\/\/www.taxadvice.ch\/qui-sommes-nous\/notre-histoire\/\">Danielle Axelroud Buchmann<\/a><\/div>\n<div>Revue Fiscale 1999, p.\u00a0512<\/div>\n<p>[\/equipe-publication][equipe-publication title=&#8221;Minimum guarantees against arbitrary detention&#8221; textlink=&#8221;article&#8221; link=&#8221;\/wp-content\/uploads\/Garanties_minimales_Christine_Ledure1.pdf&#8221; _builder_version=&#8221;4.5.1&#8243; hover_transition_duration_tablet=&#8221;300ms&#8221; hover_transition_duration_phone=&#8221;300ms&#8221; hover_transition_delay_tablet=&#8221;0ms&#8221; hover_transition_delay_phone=&#8221;0ms&#8221; box_shadow_horizontal_tablet=&#8221;0px&#8221; box_shadow_horizontal_phone=&#8221;0px&#8221; box_shadow_vertical_tablet=&#8221;0px&#8221; box_shadow_vertical_phone=&#8221;0px&#8221; box_shadow_blur_tablet=&#8221;40px&#8221; box_shadow_blur_phone=&#8221;40px&#8221; box_shadow_spread_tablet=&#8221;0px&#8221; box_shadow_spread_phone=&#8221;0px&#8221; global_colors_info=&#8221;{}&#8221;]<\/p>\n<p>Minimum guarantees against arbitrary detention and the right to a fair trial in exceptional cases<\/p>\n<div>by <a href=\"https:\/\/www.taxadvice.ch\/en\/membres\/christine-ledure\/\">Christine Ledure<\/a><\/div>\n<div>Belgian Review of International Law 1994, p. 633<\/div>\n<p>[\/equipe-publication][\/equipe-publications][\/et_pb_column][\/et_pb_row][\/et_pb_section]<\/p>\n","protected":false},"excerpt":{"rendered":"<p>Taxation of severance payments by Christine&#8230;<\/p>\n","protected":false},"author":3,"featured_media":5375,"parent":0,"menu_order":0,"comment_status":"closed","ping_status":"closed","template":"","meta":{"_acf_changed":false,"_et_pb_use_builder":"on","_et_pb_old_content":"","_et_gb_content_width":"","footnotes":""},"class_list":["post-329","page","type-page","status-publish","has-post-thumbnail","hentry"],"acf":[],"aioseo_notices":[],"_links":{"self":[{"href":"https:\/\/www.taxadvice.ch\/en\/wp-json\/wp\/v2\/pages\/329","targetHints":{"allow":["GET"]}}],"collection":[{"href":"https:\/\/www.taxadvice.ch\/en\/wp-json\/wp\/v2\/pages"}],"about":[{"href":"https:\/\/www.taxadvice.ch\/en\/wp-json\/wp\/v2\/types\/page"}],"author":[{"embeddable":true,"href":"https:\/\/www.taxadvice.ch\/en\/wp-json\/wp\/v2\/users\/3"}],"replies":[{"embeddable":true,"href":"https:\/\/www.taxadvice.ch\/en\/wp-json\/wp\/v2\/comments?post=329"}],"version-history":[{"count":73,"href":"https:\/\/www.taxadvice.ch\/en\/wp-json\/wp\/v2\/pages\/329\/revisions"}],"predecessor-version":[{"id":6165,"href":"https:\/\/www.taxadvice.ch\/en\/wp-json\/wp\/v2\/pages\/329\/revisions\/6165"}],"wp:featuredmedia":[{"embeddable":true,"href":"https:\/\/www.taxadvice.ch\/en\/wp-json\/wp\/v2\/media\/5375"}],"wp:attachment":[{"href":"https:\/\/www.taxadvice.ch\/en\/wp-json\/wp\/v2\/media?parent=329"}],"curies":[{"name":"wp","href":"https:\/\/api.w.org\/{rel}","templated":true}]}}