{"id":1135,"date":"2020-03-03T11:18:46","date_gmt":"2020-03-03T10:18:46","guid":{"rendered":"http:\/\/www.taxadvice.ch\/petits-editoriaux-impertinents\/"},"modified":"2022-11-11T09:33:48","modified_gmt":"2022-11-11T08:33:48","slug":"petits-editoriaux-impertinents","status":"publish","type":"page","link":"https:\/\/www.taxadvice.ch\/en\/petits-editoriaux-impertinents\/","title":{"rendered":"Small editorials (im) relevant"},"content":{"rendered":"<p>[et_pb_section fb_built=&#8221;1&#8243; _builder_version=&#8221;4.16&#8243; global_colors_info=&#8221;{}&#8221;][et_pb_row _builder_version=&#8221;4.16&#8243; global_colors_info=&#8221;{}&#8221;][et_pb_column type=&#8221;4_4&#8243; _builder_version=&#8221;4.16&#8243; global_colors_info=&#8221;{}&#8221;][et_pb_text _builder_version=&#8221;4.18.0&#8243; hover_enabled=&#8221;0&#8243; global_colors_info=&#8221;{}&#8221; sticky_enabled=&#8221;0&#8243;]<\/p>\n<p>The editorials of Danielle Axelroud Buchmann have been published in la Revue fiscale.<\/p>\n<p><a href=\"\/wp-content\/uploads\/Quel_modele_economique.pdf\" target=\"_blank\" rel=\"noopener noreferrer\">Quel mod\u00e8le \u00e9conomique?<\/a>\u00a0(\u00e9t\u00e9 2016)<br \/><a href=\"\/wp-content\/uploads\/Monsieur_Broulis_a_dit_mars_2016.pdf\" target=\"_blank\" rel=\"noopener noreferrer\">Monsieur Broulis a dit<\/a>\u00a0(mars 2016)<br \/><a href=\"\/wp-content\/uploads\/Il_faut_reduire_notre_attractivite_11_2015.pdf\" target=\"_blank\" rel=\"noopener noreferrer\">Il faut r\u00e9duire notre attractivit\u00e9<\/a>\u00a0(novembre 2015)<br \/><a href=\"\/wp-content\/uploads\/1507_Ouf_on_a_eu_peur.pdf\" target=\"_blank\" rel=\"noopener noreferrer\">Ouf! on a eu peur!<\/a>\u00a0(\u00e9t\u00e9 2015)<br \/><a href=\"\/wp-content\/uploads\/Ces_contribuables_qui_ne_paient_rien.pdf\" target=\"_blank\" rel=\"noopener noreferrer\">Ces contribuables qui ne paient rien<\/a>\u00a0(mars 2015)<br \/><a href=\"\/wp-content\/uploads\/La-3e-r\u00e9fome-de-limposition-des-entreprises-RIE-III-pour-les-nuls-novembre-2014.pdf\" target=\"_blank\" rel=\"noopener noreferrer\">La 3e r\u00e9fome de l\u2019imposition des entreprises RIE III pour les nuls<\/a>\u00a0(novembre 2014)<br \/><a href=\"\/wp-content\/uploads\/Perfectionnement-professionnel-sans-perspective-fiscale-ao\u00fbt-2014.pdf\" target=\"_blank\" rel=\"noopener noreferrer\">Perfectionnement professionnel sans perspective fiscale<\/a>\u00a0(ao\u00fbt 2014)<br \/><a href=\"\/wp-content\/uploads\/Aust\u00e9rit\u00e9-budg\u00e9taire-ou-comment-\u00e9viter-de-scier-la-branche-sur-laquelle-nous-sommes-assis-mars-2014-1.pdf\" target=\"_blank\" rel=\"noopener noreferrer\">Aust\u00e9rit\u00e9 budg\u00e9taire, ou comment \u00e9viter de scier la branche sur laquelle nous sommes assis<\/a>\u00a0(mars 2014)<br \/><a href=\"\/wp-content\/uploads\/R\u00eavons-un-peu-voulez-vous-novembre-2013-1.pdf\" target=\"_blank\" rel=\"noopener noreferrer\">R\u00eavons un peu, voulez-vous<\/a>\u00a0(novembre 2013)<\/p>\n<p>[\/et_pb_text][\/et_pb_column][\/et_pb_row][\/et_pb_section]<\/p>\n","protected":false},"excerpt":{"rendered":"<p>The editorials of Danielle Axelroud Buchmann have&#8230;<\/p>\n","protected":false},"author":2,"featured_media":0,"parent":0,"menu_order":0,"comment_status":"closed","ping_status":"closed","template":"","meta":{"_acf_changed":false,"_et_pb_use_builder":"on","_et_pb_old_content":"","_et_gb_content_width":"","footnotes":""},"class_list":["post-1135","page","type-page","status-publish","hentry"],"acf":[],"aioseo_notices":[],"_links":{"self":[{"href":"https:\/\/www.taxadvice.ch\/en\/wp-json\/wp\/v2\/pages\/1135","targetHints":{"allow":["GET"]}}],"collection":[{"href":"https:\/\/www.taxadvice.ch\/en\/wp-json\/wp\/v2\/pages"}],"about":[{"href":"https:\/\/www.taxadvice.ch\/en\/wp-json\/wp\/v2\/types\/page"}],"author":[{"embeddable":true,"href":"https:\/\/www.taxadvice.ch\/en\/wp-json\/wp\/v2\/users\/2"}],"replies":[{"embeddable":true,"href":"https:\/\/www.taxadvice.ch\/en\/wp-json\/wp\/v2\/comments?post=1135"}],"version-history":[{"count":5,"href":"https:\/\/www.taxadvice.ch\/en\/wp-json\/wp\/v2\/pages\/1135\/revisions"}],"predecessor-version":[{"id":5041,"href":"https:\/\/www.taxadvice.ch\/en\/wp-json\/wp\/v2\/pages\/1135\/revisions\/5041"}],"wp:attachment":[{"href":"https:\/\/www.taxadvice.ch\/en\/wp-json\/wp\/v2\/media?parent=1135"}],"curies":[{"name":"wp","href":"https:\/\/api.w.org\/{rel}","templated":true}]}}